{"id":861,"date":"2019-03-11T17:04:46","date_gmt":"2019-03-11T15:04:46","guid":{"rendered":"https:\/\/hpptrading.com\/contact\/"},"modified":"2020-11-06T10:17:54","modified_gmt":"2020-11-06T08:17:54","slug":"contact","status":"publish","type":"page","link":"https:\/\/hpptrading.com\/en\/contact\/","title":{"rendered":"Contact"},"content":{"rendered":"<div id='av_gmap_1' class='avia-google-map-container' data-mapid='1' style='height: 380px;'><\/div>\n<div class=\"flex_column av_one_half  flex_column_div av-zero-column-padding first  \" style='border-radius:0px; '><p><div style='padding-bottom:0px;font-size:24px;' class='av-special-heading av-special-heading-h2  blockquote modern-quote   av-inherit-size'><h2 class='av-special-heading-tag'  itemprop=\"headline\"  >Contact information of the company<\/h2><div class='special-heading-border'><div class='special-heading-inner-border' ><\/div><\/div><\/div><br \/>\n<div style=' margin-top:10px; margin-bottom:20px;'  class='hr hr-custom hr-left hr-icon-no  '><span class='hr-inner   inner-border-av-border-fat' style=' width:50px; border-color:#efbb20;' ><span class='hr-inner-style'><\/span><\/span><\/div><br \/>\n<section class=\"av_textblock_section\"  itemscope=\"itemscope\" itemtype=\"https:\/\/schema.org\/CreativeWork\" ><div class='avia_textblock '   itemprop=\"text\" ><p>Uus 9, M\u00e4rjamaa, Raplamaa, 78301<\/p>\n<p>Production: Uus 9, M\u00e4rjamaa alev, 78302 Raplamaa, Estonia<\/p>\n<p>Phone : <a href=\"tel:+3725089368\">(+372) 508 9368<\/a><\/p>\n<p>E-mail : <a href=\"mailto:info@hpptrading.com\">info@hpptrading.com<\/a><\/p>\n<p>Commercial Registry code: 14880625<\/p>\n<p>VAT no. EE102221347<\/p>\n<\/div><\/section><\/p><\/div><div class=\"flex_column av_one_half  av-animated-generic bottom-to-top  flex_column_div av-zero-column-padding   \" style='border-radius:0px; '><p><div style='padding-bottom:0px;font-size:24px;' class='av-special-heading av-special-heading-h2  blockquote modern-quote   av-inherit-size'><h2 class='av-special-heading-tag'  itemprop=\"headline\"  >Feedback form<\/h2><div class='special-heading-border'><div class='special-heading-inner-border' ><\/div><\/div><\/div><br \/>\n<div style=' margin-top:10px; margin-bottom:0px;'  class='hr hr-custom hr-left hr-icon-no  '><span class='hr-inner   inner-border-av-border-fat' style=' width:50px; border-color:#efbb20;' ><span class='hr-inner-style'><\/span><\/span><\/div><br \/>\n<form action=\"https:\/\/hpptrading.com\/en\/contact\/\" method=\"post\"  class=\"avia_ajax_form av-form-labels-visible    \" data-avia-form-id=\"1\" data-avia-redirect=''><fieldset><p class=' first_form  form_element form_element_half' id='element_avia_1_1'><label for=\"avia_1_1\">Your name <abbr class=\"required\" title=\"required\">*<\/abbr><\/label> <input name=\"avia_1_1\" class=\"text_input is_empty\" type=\"text\" id=\"avia_1_1\" value=\"\" \/><\/p><p class=' form_element form_element_half' id='element_avia_2_1'><label for=\"avia_2_1\">Phone <abbr class=\"required\" title=\"required\">*<\/abbr><\/label> <input name=\"avia_2_1\" class=\"text_input is_phone\" type=\"text\" id=\"avia_2_1\" value=\"\" \/><\/p><p class=' first_form  form_element form_fullwidth' id='element_avia_3_1'><label for=\"avia_3_1\">E-mail address <abbr class=\"required\" title=\"required\">*<\/abbr><\/label> <input name=\"avia_3_1\" class=\"text_input is_email\" type=\"text\" id=\"avia_3_1\" value=\"\" \/><\/p><p class=' first_form  form_element form_fullwidth' id='element_avia_4_1'>\t <label for=\"avia_4_1\" class=\"textare_label hidden textare_label_avia_4_1\">Your message <abbr class=\"required\" title=\"required\">*<\/abbr><\/label>\t <textarea  name=\"avia_4_1\" class=\"text_area is_empty\" cols=\"40\" rows=\"7\" id=\"avia_4_1\" ><\/textarea><\/p><p class=\"hidden\"><input type=\"text\" name=\"avia_5_1\" class=\"hidden \" id=\"avia_5_1\" value=\"\" \/><\/p><p class='' id='element_avia_6_1'>    <span class='value_verifier_label'>1 + 2 = ?<\/span>    <input name=\"avia_6_1_verifier\" type=\"hidden\" id=\"avia_6_1_verifier\" value=\"426254437\"\/><label for=\"avia_6_1\">Please prove that you are human by solving the equation <abbr class=\"required\" title=\"required\">*<\/abbr><\/label>    <input name=\"avia_6_1\" class=\"text_input captcha\" type=\"text\" id=\"avia_6_1\" value=\"\"\/><\/p><p class=\"form_element \"><input type=\"hidden\" value=\"1\" name=\"avia_generated_form1\" \/><input type=\"submit\" value=\"Send us a message!\" class=\"button\"  data-sending-label=\"Sending\"\/><\/p><\/fieldset><\/form><div id=\"ajaxresponse_1\" class=\"ajaxresponse ajaxresponse_1 hidden\"><\/div><\/p><\/div><\/p>\n","protected":false},"excerpt":{"rendered":"","protected":false},"author":2,"featured_media":0,"parent":0,"menu_order":0,"comment_status":"closed","ping_status":"closed","template":"","meta":{"footnotes":"","_links_to":"","_links_to_target":""},"class_list":["post-861","page","type-page","status-publish","hentry"],"yoast_head":"<!-- This site is optimized with the Yoast SEO plugin v24.0 - https:\/\/yoast.com\/wordpress\/plugins\/seo\/ -->\n<title>Sale of welding equipment, metalworks nad plasma cutting - HPP Trading<\/title>\n<meta name=\"description\" content=\"High-quality equipment and work, good prices! We sell plasma and welding equipment, we manufacture CNC-benches and deal with metalworks.\" \/>\n<meta name=\"robots\" content=\"index, follow, max-snippet:-1, max-image-preview:large, max-video-preview:-1\" \/>\n<link rel=\"canonical\" href=\"https:\/\/hpptrading.com\/en\/contact\/\" \/>\n<meta property=\"og:locale\" content=\"en_US\" \/>\n<meta property=\"og:type\" content=\"article\" \/>\n<meta property=\"og:title\" content=\"Sale of welding equipment, metalworks nad plasma cutting - HPP Trading\" \/>\n<meta property=\"og:description\" content=\"High-quality equipment and work, good prices! We sell plasma and welding equipment, we manufacture CNC-benches and deal with metalworks.\" \/>\n<meta property=\"og:url\" content=\"https:\/\/hpptrading.com\/en\/contact\/\" \/>\n<meta property=\"og:site_name\" content=\"HPP Trading\" \/>\n<meta property=\"article:modified_time\" content=\"2020-11-06T08:17:54+00:00\" \/>\n<meta name=\"twitter:card\" content=\"summary_large_image\" \/>\n<meta name=\"twitter:label1\" content=\"Est. reading time\" \/>\n\t<meta name=\"twitter:data1\" content=\"3 minutes\" \/>\n<script type=\"application\/ld+json\" class=\"yoast-schema-graph\">{\"@context\":\"https:\/\/schema.org\",\"@graph\":[{\"@type\":\"WebPage\",\"@id\":\"https:\/\/hpptrading.com\/en\/contact\/\",\"url\":\"https:\/\/hpptrading.com\/en\/contact\/\",\"name\":\"Sale of welding equipment, metalworks nad plasma cutting - HPP Trading\",\"isPartOf\":{\"@id\":\"https:\/\/hpptrading.com\/#website\"},\"datePublished\":\"2019-03-11T15:04:46+00:00\",\"dateModified\":\"2020-11-06T08:17:54+00:00\",\"description\":\"High-quality equipment and work, good prices! We sell plasma and welding equipment, we manufacture CNC-benches and deal with metalworks.\",\"breadcrumb\":{\"@id\":\"https:\/\/hpptrading.com\/en\/contact\/#breadcrumb\"},\"inLanguage\":\"en-US\",\"potentialAction\":[{\"@type\":\"ReadAction\",\"target\":[\"https:\/\/hpptrading.com\/en\/contact\/\"]}]},{\"@type\":\"BreadcrumbList\",\"@id\":\"https:\/\/hpptrading.com\/en\/contact\/#breadcrumb\",\"itemListElement\":[{\"@type\":\"ListItem\",\"position\":1,\"name\":\"Home\",\"item\":\"https:\/\/hpptrading.com\/\"},{\"@type\":\"ListItem\",\"position\":2,\"name\":\"Contact\"}]},{\"@type\":\"WebSite\",\"@id\":\"https:\/\/hpptrading.com\/#website\",\"url\":\"https:\/\/hpptrading.com\/\",\"name\":\"HPP Trading\",\"description\":\"Metallit\u00f6\u00f6tlemismasinate ja nende tarvikute jae- ja hulgim\u00fc\u00fck\",\"potentialAction\":[{\"@type\":\"SearchAction\",\"target\":{\"@type\":\"EntryPoint\",\"urlTemplate\":\"https:\/\/hpptrading.com\/?s={search_term_string}\"},\"query-input\":{\"@type\":\"PropertyValueSpecification\",\"valueRequired\":true,\"valueName\":\"search_term_string\"}}],\"inLanguage\":\"en-US\"}]}<\/script>\n<!-- \/ Yoast SEO plugin. -->","yoast_head_json":{"title":"Sale of welding equipment, metalworks nad plasma cutting - HPP Trading","description":"High-quality equipment and work, good prices! We sell plasma and welding equipment, we manufacture CNC-benches and deal with metalworks.","robots":{"index":"index","follow":"follow","max-snippet":"max-snippet:-1","max-image-preview":"max-image-preview:large","max-video-preview":"max-video-preview:-1"},"canonical":"https:\/\/hpptrading.com\/en\/contact\/","og_locale":"en_US","og_type":"article","og_title":"Sale of welding equipment, metalworks nad plasma cutting - HPP Trading","og_description":"High-quality equipment and work, good prices! We sell plasma and welding equipment, we manufacture CNC-benches and deal with metalworks.","og_url":"https:\/\/hpptrading.com\/en\/contact\/","og_site_name":"HPP Trading","article_modified_time":"2020-11-06T08:17:54+00:00","twitter_card":"summary_large_image","twitter_misc":{"Est. reading time":"3 minutes"},"schema":{"@context":"https:\/\/schema.org","@graph":[{"@type":"WebPage","@id":"https:\/\/hpptrading.com\/en\/contact\/","url":"https:\/\/hpptrading.com\/en\/contact\/","name":"Sale of welding equipment, metalworks nad plasma cutting - HPP Trading","isPartOf":{"@id":"https:\/\/hpptrading.com\/#website"},"datePublished":"2019-03-11T15:04:46+00:00","dateModified":"2020-11-06T08:17:54+00:00","description":"High-quality equipment and work, good prices! We sell plasma and welding equipment, we manufacture CNC-benches and deal with metalworks.","breadcrumb":{"@id":"https:\/\/hpptrading.com\/en\/contact\/#breadcrumb"},"inLanguage":"en-US","potentialAction":[{"@type":"ReadAction","target":["https:\/\/hpptrading.com\/en\/contact\/"]}]},{"@type":"BreadcrumbList","@id":"https:\/\/hpptrading.com\/en\/contact\/#breadcrumb","itemListElement":[{"@type":"ListItem","position":1,"name":"Home","item":"https:\/\/hpptrading.com\/"},{"@type":"ListItem","position":2,"name":"Contact"}]},{"@type":"WebSite","@id":"https:\/\/hpptrading.com\/#website","url":"https:\/\/hpptrading.com\/","name":"HPP Trading","description":"Metallit\u00f6\u00f6tlemismasinate ja nende tarvikute jae- ja hulgim\u00fc\u00fck","potentialAction":[{"@type":"SearchAction","target":{"@type":"EntryPoint","urlTemplate":"https:\/\/hpptrading.com\/?s={search_term_string}"},"query-input":{"@type":"PropertyValueSpecification","valueRequired":true,"valueName":"search_term_string"}}],"inLanguage":"en-US"}]}},"_links":{"self":[{"href":"https:\/\/hpptrading.com\/en\/wp-json\/wp\/v2\/pages\/861\/"}],"collection":[{"href":"https:\/\/hpptrading.com\/en\/wp-json\/wp\/v2\/pages\/"}],"about":[{"href":"https:\/\/hpptrading.com\/en\/wp-json\/wp\/v2\/types\/page\/"}],"author":[{"embeddable":true,"href":"https:\/\/hpptrading.com\/en\/wp-json\/wp\/v2\/users\/2\/"}],"replies":[{"embeddable":true,"href":"https:\/\/hpptrading.com\/en\/wp-json\/wp\/v2\/comments\/?post=861"}],"version-history":[{"count":7,"href":"https:\/\/hpptrading.com\/en\/wp-json\/wp\/v2\/pages\/861\/revisions\/"}],"predecessor-version":[{"id":935,"href":"https:\/\/hpptrading.com\/en\/wp-json\/wp\/v2\/pages\/861\/revisions\/935\/"}],"wp:attachment":[{"href":"https:\/\/hpptrading.com\/en\/wp-json\/wp\/v2\/media\/?parent=861"}],"curies":[{"name":"wp","href":"https:\/\/api.w.org\/{rel}","templated":true}]}}