{"id":759,"date":"2018-02-01T09:29:58","date_gmt":"2018-02-01T07:29:58","guid":{"rendered":"http:\/\/hpptrading.com\/products\/production-of-cnc-benches\/"},"modified":"2018-02-01T11:22:21","modified_gmt":"2018-02-01T09:22:21","slug":"production-of-cnc-benches","status":"publish","type":"page","link":"https:\/\/hpptrading.com\/en\/products\/production-of-cnc-benches\/","title":{"rendered":"Production of CNC benches"},"content":{"rendered":"<div class=\"flex_column av_one_full  flex_column_div av-zero-column-padding first  \" style='border-radius:0px; '><p><div style='padding-bottom:0px;font-size:25px;' class='av-special-heading av-special-heading-h1  blockquote modern-quote   av-inherit-size'><h1 class='av-special-heading-tag'  itemprop=\"headline\"  >Production and sale of CNC benches<\/h1><div class='special-heading-border'><div class='special-heading-inner-border' ><\/div><\/div><\/div><br \/>\n<div style=' margin-top:10px; margin-bottom:10px;'  class='hr hr-custom hr-left hr-icon-no  '><span class='hr-inner   inner-border-av-border-thin' style=' width:50px; border-color:#efbb20;' ><span class='hr-inner-style'><\/span><\/span><\/div><br \/>\n<section class=\"av_textblock_section\"  itemscope=\"itemscope\" itemtype=\"https:\/\/schema.org\/CreativeWork\" ><div class='avia_textblock '   itemprop=\"text\" ><p>CNC benches operated with the help of IT solutions are today a very common solution also in the smaller production companies. Many of the latter find standard solutions as sufficient. But it is always worth to also consider the use of CNC bench proceeding from just specific production.<\/p>\n<p><strong>We are one of the few manufacturers of CNC benches in Estonia.<\/strong> Our aim is to provide tailor-made solutions, we produce CNC benches for plasma cutting, laser cutting and milling, just according to the client\u2019s requirements.<\/p>\n<h3><\/h3>\n<\/div><\/section><br \/>\n<div style='padding-bottom:0px;font-size:25px;' class='av-special-heading av-special-heading-h1  blockquote modern-quote   av-inherit-size'><h1 class='av-special-heading-tag'  itemprop=\"headline\"  >CNC benches for sale<\/h1><div class='special-heading-border'><div class='special-heading-inner-border' ><\/div><\/div><\/div><br \/>\n<div style=' margin-top:10px; margin-bottom:10px;'  class='hr hr-custom hr-left hr-icon-no  '><span class='hr-inner   inner-border-av-border-thin' style=' width:50px; border-color:#efbb20;' ><span class='hr-inner-style'><\/span><\/span><\/div><br \/>\n<section class=\"av_textblock_section\"  itemscope=\"itemscope\" itemtype=\"https:\/\/schema.org\/CreativeWork\" ><div class='avia_textblock '   itemprop=\"text\" ><p><strong>CO2 LASER BENCH<\/strong><\/p>\n<ul>\n<li>The laser equipment for cutting non-metal as well as metal, available with different capacities.<\/li>\n<li><strong>PRICE: 1200 euros<\/strong><\/li>\n<\/ul>\n<p><strong>CO2 SAMPLE BENCH<\/strong><\/p>\n<ul>\n<li>Waterproof plywood CNC bench with working area 1220 mm x 2000 mm. The max speeds of X-Y axle 12000 mm\/min. The speed of Z axle 1500 mm\/min. Positioning accuracy 0.033 mm. The height of Z axle is 140 mm.<\/li>\n<li><strong>Price: 2200 euros<\/strong><\/li>\n<\/ul>\n<\/div><\/section><\/p><\/div>\n","protected":false},"excerpt":{"rendered":"","protected":false},"author":2,"featured_media":0,"parent":752,"menu_order":1,"comment_status":"closed","ping_status":"closed","template":"","meta":{"footnotes":"","_links_to":"","_links_to_target":""},"class_list":["post-759","page","type-page","status-publish","hentry"],"yoast_head":"<!-- This site is optimized with the Yoast SEO plugin v24.0 - https:\/\/yoast.com\/wordpress\/plugins\/seo\/ -->\n<title>Sale of CNC benches, production of CNC benches - HPP Trading<\/title>\n<meta name=\"description\" content=\"We are one of the few manufacturers of CNC benches in Estonia. We manufacture CNC benches for plasma cutting, laser cutting and milling. Contact us and ask for more!\" \/>\n<meta name=\"robots\" content=\"index, follow, max-snippet:-1, max-image-preview:large, max-video-preview:-1\" \/>\n<link rel=\"canonical\" href=\"https:\/\/hpptrading.com\/en\/tooted\/cnc-pinkide-tootmine\/\" \/>\n<meta property=\"og:locale\" content=\"en_US\" \/>\n<meta property=\"og:type\" content=\"article\" \/>\n<meta property=\"og:title\" content=\"Sale of CNC benches, production of CNC benches - HPP Trading\" \/>\n<meta property=\"og:description\" content=\"We are one of the few manufacturers of CNC benches in Estonia. We manufacture CNC benches for plasma cutting, laser cutting and milling. Contact us and ask for more!\" \/>\n<meta property=\"og:url\" content=\"https:\/\/hpptrading.com\/tooted\/cnc-pinkide-tootmine\/\" \/>\n<meta property=\"og:site_name\" content=\"HPP Trading\" \/>\n<meta property=\"article:modified_time\" content=\"2018-02-01T09:22:21+00:00\" \/>\n<meta name=\"twitter:card\" content=\"summary_large_image\" \/>\n<meta name=\"twitter:label1\" content=\"Est. reading time\" \/>\n\t<meta name=\"twitter:data1\" content=\"2 minutes\" \/>\n<script type=\"application\/ld+json\" class=\"yoast-schema-graph\">{\"@context\":\"https:\/\/schema.org\",\"@graph\":[{\"@type\":\"WebPage\",\"@id\":\"https:\/\/hpptrading.com\/tooted\/cnc-pinkide-tootmine\/\",\"url\":\"https:\/\/hpptrading.com\/tooted\/cnc-pinkide-tootmine\/\",\"name\":\"Sale of CNC benches, production of CNC benches - HPP Trading\",\"isPartOf\":{\"@id\":\"https:\/\/hpptrading.com\/#website\"},\"datePublished\":\"2018-02-01T07:29:58+00:00\",\"dateModified\":\"2018-02-01T09:22:21+00:00\",\"description\":\"We are one of the few manufacturers of CNC benches in Estonia. We manufacture CNC benches for plasma cutting, laser cutting and milling. Contact us and ask for more!\",\"breadcrumb\":{\"@id\":\"https:\/\/hpptrading.com\/tooted\/cnc-pinkide-tootmine\/#breadcrumb\"},\"inLanguage\":\"en-US\",\"potentialAction\":[{\"@type\":\"ReadAction\",\"target\":[\"https:\/\/hpptrading.com\/tooted\/cnc-pinkide-tootmine\/\"]}]},{\"@type\":\"BreadcrumbList\",\"@id\":\"https:\/\/hpptrading.com\/tooted\/cnc-pinkide-tootmine\/#breadcrumb\",\"itemListElement\":[{\"@type\":\"ListItem\",\"position\":1,\"name\":\"Home\",\"item\":\"https:\/\/hpptrading.com\/\"},{\"@type\":\"ListItem\",\"position\":2,\"name\":\"Products\",\"item\":\"https:\/\/hpptrading.com\/tooted\/plasmatarviku-tooted\/\"},{\"@type\":\"ListItem\",\"position\":3,\"name\":\"Production of CNC benches\"}]},{\"@type\":\"WebSite\",\"@id\":\"https:\/\/hpptrading.com\/#website\",\"url\":\"https:\/\/hpptrading.com\/\",\"name\":\"HPP Trading\",\"description\":\"Metallit\u00f6\u00f6tlemismasinate ja nende tarvikute jae- ja hulgim\u00fc\u00fck\",\"potentialAction\":[{\"@type\":\"SearchAction\",\"target\":{\"@type\":\"EntryPoint\",\"urlTemplate\":\"https:\/\/hpptrading.com\/?s={search_term_string}\"},\"query-input\":{\"@type\":\"PropertyValueSpecification\",\"valueRequired\":true,\"valueName\":\"search_term_string\"}}],\"inLanguage\":\"en-US\"}]}<\/script>\n<!-- \/ Yoast SEO plugin. -->","yoast_head_json":{"title":"Sale of CNC benches, production of CNC benches - HPP Trading","description":"We are one of the few manufacturers of CNC benches in Estonia. We manufacture CNC benches for plasma cutting, laser cutting and milling. Contact us and ask for more!","robots":{"index":"index","follow":"follow","max-snippet":"max-snippet:-1","max-image-preview":"max-image-preview:large","max-video-preview":"max-video-preview:-1"},"canonical":"https:\/\/hpptrading.com\/en\/tooted\/cnc-pinkide-tootmine\/","og_locale":"en_US","og_type":"article","og_title":"Sale of CNC benches, production of CNC benches - HPP Trading","og_description":"We are one of the few manufacturers of CNC benches in Estonia. We manufacture CNC benches for plasma cutting, laser cutting and milling. Contact us and ask for more!","og_url":"https:\/\/hpptrading.com\/tooted\/cnc-pinkide-tootmine\/","og_site_name":"HPP Trading","article_modified_time":"2018-02-01T09:22:21+00:00","twitter_card":"summary_large_image","twitter_misc":{"Est. reading time":"2 minutes"},"schema":{"@context":"https:\/\/schema.org","@graph":[{"@type":"WebPage","@id":"https:\/\/hpptrading.com\/tooted\/cnc-pinkide-tootmine\/","url":"https:\/\/hpptrading.com\/tooted\/cnc-pinkide-tootmine\/","name":"Sale of CNC benches, production of CNC benches - HPP Trading","isPartOf":{"@id":"https:\/\/hpptrading.com\/#website"},"datePublished":"2018-02-01T07:29:58+00:00","dateModified":"2018-02-01T09:22:21+00:00","description":"We are one of the few manufacturers of CNC benches in Estonia. We manufacture CNC benches for plasma cutting, laser cutting and milling. Contact us and ask for more!","breadcrumb":{"@id":"https:\/\/hpptrading.com\/tooted\/cnc-pinkide-tootmine\/#breadcrumb"},"inLanguage":"en-US","potentialAction":[{"@type":"ReadAction","target":["https:\/\/hpptrading.com\/tooted\/cnc-pinkide-tootmine\/"]}]},{"@type":"BreadcrumbList","@id":"https:\/\/hpptrading.com\/tooted\/cnc-pinkide-tootmine\/#breadcrumb","itemListElement":[{"@type":"ListItem","position":1,"name":"Home","item":"https:\/\/hpptrading.com\/"},{"@type":"ListItem","position":2,"name":"Products","item":"https:\/\/hpptrading.com\/tooted\/plasmatarviku-tooted\/"},{"@type":"ListItem","position":3,"name":"Production of CNC benches"}]},{"@type":"WebSite","@id":"https:\/\/hpptrading.com\/#website","url":"https:\/\/hpptrading.com\/","name":"HPP Trading","description":"Metallit\u00f6\u00f6tlemismasinate ja nende tarvikute jae- ja hulgim\u00fc\u00fck","potentialAction":[{"@type":"SearchAction","target":{"@type":"EntryPoint","urlTemplate":"https:\/\/hpptrading.com\/?s={search_term_string}"},"query-input":{"@type":"PropertyValueSpecification","valueRequired":true,"valueName":"search_term_string"}}],"inLanguage":"en-US"}]}},"_links":{"self":[{"href":"https:\/\/hpptrading.com\/en\/wp-json\/wp\/v2\/pages\/759\/"}],"collection":[{"href":"https:\/\/hpptrading.com\/en\/wp-json\/wp\/v2\/pages\/"}],"about":[{"href":"https:\/\/hpptrading.com\/en\/wp-json\/wp\/v2\/types\/page\/"}],"author":[{"embeddable":true,"href":"https:\/\/hpptrading.com\/en\/wp-json\/wp\/v2\/users\/2\/"}],"replies":[{"embeddable":true,"href":"https:\/\/hpptrading.com\/en\/wp-json\/wp\/v2\/comments\/?post=759"}],"version-history":[{"count":7,"href":"https:\/\/hpptrading.com\/en\/wp-json\/wp\/v2\/pages\/759\/revisions\/"}],"predecessor-version":[{"id":799,"href":"https:\/\/hpptrading.com\/en\/wp-json\/wp\/v2\/pages\/759\/revisions\/799\/"}],"up":[{"embeddable":true,"href":"https:\/\/hpptrading.com\/en\/wp-json\/wp\/v2\/pages\/752\/"}],"wp:attachment":[{"href":"https:\/\/hpptrading.com\/en\/wp-json\/wp\/v2\/media\/?parent=759"}],"curies":[{"name":"wp","href":"https:\/\/api.w.org\/{rel}","templated":true}]}}