{"id":747,"date":"2018-02-01T09:21:16","date_gmt":"2018-02-01T07:21:16","guid":{"rendered":"http:\/\/hpptrading.com\/services\/plasma-cutting\/"},"modified":"2018-02-01T10:23:27","modified_gmt":"2018-02-01T08:23:27","slug":"plasma-cutting","status":"publish","type":"page","link":"https:\/\/hpptrading.com\/en\/services\/plasma-cutting\/","title":{"rendered":"Plasma cutting"},"content":{"rendered":"<div class=\"flex_column av_one_full  flex_column_div av-zero-column-padding first  \" style='border-radius:0px; '><p><div style='padding-bottom:0px;font-size:25px;' class='av-special-heading av-special-heading-h1  blockquote modern-quote   av-inherit-size'><h1 class='av-special-heading-tag'  itemprop=\"headline\"  >Metal cutting with plasma cutting<\/h1><div class='special-heading-border'><div class='special-heading-inner-border' ><\/div><\/div><\/div><br \/>\n<div style=' margin-top:10px; margin-bottom:10px;'  class='hr hr-custom hr-left hr-icon-no  '><span class='hr-inner   inner-border-av-border-thin' style=' width:50px; border-color:#efbb20;' ><span class='hr-inner-style'><\/span><\/span><\/div><br \/>\n<section class=\"av_textblock_section\"  itemscope=\"itemscope\" itemtype=\"https:\/\/schema.org\/CreativeWork\" ><div class='avia_textblock '   itemprop=\"text\" ><p>Plasma cutting is a very effective and high-quality method for metal cutting. The advanced technology enables us to cut fast and accurate and also ensure the clean cutting line. Thanks to high cutting temperature, it is possible to cut very different metals with the help of the plasma cutter.<\/p>\n<p><strong>Our possibilities:<\/strong><\/p>\n<ul>\n<li>Maximum thickness of metal up to 40 mm<\/li>\n<li>Size of the working area 2m x 6m<\/li>\n<\/ul>\n<p><strong>We cut black metal, stainless metal as well as aluminium: <\/strong><\/p>\n<ul>\n<li>RV steel<\/li>\n<li>Ordinary steel<\/li>\n<li>Special steel (Raex, Weldox, Hardox etc.)<\/li>\n<\/ul>\n<p><strong>If required, we design the details<\/strong><\/p>\n<\/div><\/section><\/p><\/div>\n","protected":false},"excerpt":{"rendered":"","protected":false},"author":2,"featured_media":0,"parent":743,"menu_order":0,"comment_status":"closed","ping_status":"closed","template":"","meta":{"footnotes":"","_links_to":"","_links_to_target":""},"class_list":["post-747","page","type-page","status-publish","hentry"],"yoast_head":"<!-- This site is optimized with the Yoast SEO plugin v24.0 - https:\/\/yoast.com\/wordpress\/plugins\/seo\/ -->\n<title>Fast and accurate metal cutting - Plasma cutting - HPP Trading<\/title>\n<meta name=\"description\" content=\"Plasma cutting is a very effective and high-quality method for metal cutting. We can cut fast and accurate with the help of the advanced technology and also to ensure the nice clean cutting line.\" \/>\n<meta name=\"robots\" content=\"index, follow, max-snippet:-1, max-image-preview:large, max-video-preview:-1\" \/>\n<link rel=\"canonical\" href=\"https:\/\/hpptrading.com\/en\/teenused\/plasmaloikus\/\" \/>\n<meta property=\"og:locale\" content=\"en_US\" \/>\n<meta property=\"og:type\" content=\"article\" \/>\n<meta property=\"og:title\" content=\"Fast and accurate metal cutting - Plasma cutting - HPP Trading\" \/>\n<meta property=\"og:description\" content=\"Plasma cutting is a very effective and high-quality method for metal cutting. We can cut fast and accurate with the help of the advanced technology and also to ensure the nice clean cutting line.\" \/>\n<meta property=\"og:url\" content=\"https:\/\/hpptrading.com\/teenused\/plasmaloikus\/\" \/>\n<meta property=\"og:site_name\" content=\"HPP Trading\" \/>\n<meta property=\"article:modified_time\" content=\"2018-02-01T08:23:27+00:00\" \/>\n<meta name=\"twitter:card\" content=\"summary_large_image\" \/>\n<meta name=\"twitter:label1\" content=\"Est. reading time\" \/>\n\t<meta name=\"twitter:data1\" content=\"1 minute\" \/>\n<script type=\"application\/ld+json\" class=\"yoast-schema-graph\">{\"@context\":\"https:\/\/schema.org\",\"@graph\":[{\"@type\":\"WebPage\",\"@id\":\"https:\/\/hpptrading.com\/teenused\/plasmaloikus\/\",\"url\":\"https:\/\/hpptrading.com\/teenused\/plasmaloikus\/\",\"name\":\"Fast and accurate metal cutting - Plasma cutting - HPP Trading\",\"isPartOf\":{\"@id\":\"https:\/\/hpptrading.com\/#website\"},\"datePublished\":\"2018-02-01T07:21:16+00:00\",\"dateModified\":\"2018-02-01T08:23:27+00:00\",\"description\":\"Plasma cutting is a very effective and high-quality method for metal cutting. We can cut fast and accurate with the help of the advanced technology and also to ensure the nice clean cutting line.\",\"breadcrumb\":{\"@id\":\"https:\/\/hpptrading.com\/teenused\/plasmaloikus\/#breadcrumb\"},\"inLanguage\":\"en-US\",\"potentialAction\":[{\"@type\":\"ReadAction\",\"target\":[\"https:\/\/hpptrading.com\/teenused\/plasmaloikus\/\"]}]},{\"@type\":\"BreadcrumbList\",\"@id\":\"https:\/\/hpptrading.com\/teenused\/plasmaloikus\/#breadcrumb\",\"itemListElement\":[{\"@type\":\"ListItem\",\"position\":1,\"name\":\"Home\",\"item\":\"https:\/\/hpptrading.com\/\"},{\"@type\":\"ListItem\",\"position\":2,\"name\":\"Services\",\"item\":\"https:\/\/hpptrading.com\/teenused\/metallitood\/\"},{\"@type\":\"ListItem\",\"position\":3,\"name\":\"Plasma cutting\"}]},{\"@type\":\"WebSite\",\"@id\":\"https:\/\/hpptrading.com\/#website\",\"url\":\"https:\/\/hpptrading.com\/\",\"name\":\"HPP Trading\",\"description\":\"Metallit\u00f6\u00f6tlemismasinate ja nende tarvikute jae- ja hulgim\u00fc\u00fck\",\"potentialAction\":[{\"@type\":\"SearchAction\",\"target\":{\"@type\":\"EntryPoint\",\"urlTemplate\":\"https:\/\/hpptrading.com\/?s={search_term_string}\"},\"query-input\":{\"@type\":\"PropertyValueSpecification\",\"valueRequired\":true,\"valueName\":\"search_term_string\"}}],\"inLanguage\":\"en-US\"}]}<\/script>\n<!-- \/ Yoast SEO plugin. -->","yoast_head_json":{"title":"Fast and accurate metal cutting - Plasma cutting - HPP Trading","description":"Plasma cutting is a very effective and high-quality method for metal cutting. We can cut fast and accurate with the help of the advanced technology and also to ensure the nice clean cutting line.","robots":{"index":"index","follow":"follow","max-snippet":"max-snippet:-1","max-image-preview":"max-image-preview:large","max-video-preview":"max-video-preview:-1"},"canonical":"https:\/\/hpptrading.com\/en\/teenused\/plasmaloikus\/","og_locale":"en_US","og_type":"article","og_title":"Fast and accurate metal cutting - Plasma cutting - HPP Trading","og_description":"Plasma cutting is a very effective and high-quality method for metal cutting. We can cut fast and accurate with the help of the advanced technology and also to ensure the nice clean cutting line.","og_url":"https:\/\/hpptrading.com\/teenused\/plasmaloikus\/","og_site_name":"HPP Trading","article_modified_time":"2018-02-01T08:23:27+00:00","twitter_card":"summary_large_image","twitter_misc":{"Est. reading time":"1 minute"},"schema":{"@context":"https:\/\/schema.org","@graph":[{"@type":"WebPage","@id":"https:\/\/hpptrading.com\/teenused\/plasmaloikus\/","url":"https:\/\/hpptrading.com\/teenused\/plasmaloikus\/","name":"Fast and accurate metal cutting - Plasma cutting - HPP Trading","isPartOf":{"@id":"https:\/\/hpptrading.com\/#website"},"datePublished":"2018-02-01T07:21:16+00:00","dateModified":"2018-02-01T08:23:27+00:00","description":"Plasma cutting is a very effective and high-quality method for metal cutting. We can cut fast and accurate with the help of the advanced technology and also to ensure the nice clean cutting line.","breadcrumb":{"@id":"https:\/\/hpptrading.com\/teenused\/plasmaloikus\/#breadcrumb"},"inLanguage":"en-US","potentialAction":[{"@type":"ReadAction","target":["https:\/\/hpptrading.com\/teenused\/plasmaloikus\/"]}]},{"@type":"BreadcrumbList","@id":"https:\/\/hpptrading.com\/teenused\/plasmaloikus\/#breadcrumb","itemListElement":[{"@type":"ListItem","position":1,"name":"Home","item":"https:\/\/hpptrading.com\/"},{"@type":"ListItem","position":2,"name":"Services","item":"https:\/\/hpptrading.com\/teenused\/metallitood\/"},{"@type":"ListItem","position":3,"name":"Plasma cutting"}]},{"@type":"WebSite","@id":"https:\/\/hpptrading.com\/#website","url":"https:\/\/hpptrading.com\/","name":"HPP Trading","description":"Metallit\u00f6\u00f6tlemismasinate ja nende tarvikute jae- ja hulgim\u00fc\u00fck","potentialAction":[{"@type":"SearchAction","target":{"@type":"EntryPoint","urlTemplate":"https:\/\/hpptrading.com\/?s={search_term_string}"},"query-input":{"@type":"PropertyValueSpecification","valueRequired":true,"valueName":"search_term_string"}}],"inLanguage":"en-US"}]}},"_links":{"self":[{"href":"https:\/\/hpptrading.com\/en\/wp-json\/wp\/v2\/pages\/747\/"}],"collection":[{"href":"https:\/\/hpptrading.com\/en\/wp-json\/wp\/v2\/pages\/"}],"about":[{"href":"https:\/\/hpptrading.com\/en\/wp-json\/wp\/v2\/types\/page\/"}],"author":[{"embeddable":true,"href":"https:\/\/hpptrading.com\/en\/wp-json\/wp\/v2\/users\/2\/"}],"replies":[{"embeddable":true,"href":"https:\/\/hpptrading.com\/en\/wp-json\/wp\/v2\/comments\/?post=747"}],"version-history":[{"count":3,"href":"https:\/\/hpptrading.com\/en\/wp-json\/wp\/v2\/pages\/747\/revisions\/"}],"predecessor-version":[{"id":796,"href":"https:\/\/hpptrading.com\/en\/wp-json\/wp\/v2\/pages\/747\/revisions\/796\/"}],"up":[{"embeddable":true,"href":"https:\/\/hpptrading.com\/en\/wp-json\/wp\/v2\/pages\/743\/"}],"wp:attachment":[{"href":"https:\/\/hpptrading.com\/en\/wp-json\/wp\/v2\/media\/?parent=747"}],"curies":[{"name":"wp","href":"https:\/\/api.w.org\/{rel}","templated":true}]}}