{"id":704,"date":"2018-02-01T08:59:28","date_gmt":"2018-02-01T06:59:28","guid":{"rendered":"http:\/\/hpptrading.com\/opening-page\/"},"modified":"2020-11-06T10:11:36","modified_gmt":"2020-11-06T08:11:36","slug":"opening-page","status":"publish","type":"page","link":"https:\/\/hpptrading.com\/en\/opening-page\/","title":{"rendered":"Opening page"},"content":{"rendered":"<\/div><\/div><\/div><!-- close content main div --><\/div><\/div><div id='full_slider_1' class='avia-fullwidth-slider main_color avia-shadow   container_wrap sidebar_right'   ><div  data-size='featured'  data-lightbox_size='large'  data-animation='fade'  data-ids='448,614,608,609,610'  data-video_counter='0'  data-autoplay='true'  data-bg_slider='false'  data-slide_height=''  data-handle='av_slideshow_full'  data-interval='5'  data-class=' '  data-css_id=''  data-scroll_down=''  data-control_layout='av-control-minimal'  data-custom_markup=''  data-perma_caption=''  data-autoplay_stopper=''  data-image_attachment=''  data-src=''  data-position='top left'  data-repeat='no-repeat'  data-attach='scroll'  data-stretch=''  data-default-height='28.666666666667'  class='avia-slideshow avia-slideshow-1  av-control-minimal av-default-height-applied avia-slideshow-featured av_slideshow_full   avia-fade-slider '  itemscope=\"itemscope\" itemtype=\"https:\/\/schema.org\/ImageObject\" ><ul class='avia-slideshow-inner' style='padding-bottom: 28.666666666667%;'><li  class=' slide-1 ' ><div data-rel='slideshow-1' class='avia-slide-wrap'  ><div class = \"caption_fullwidth av-slideshow-caption caption_right\"><div class = \"container caption_container\"><div class = \"slideshow_caption\"><div class = \"slideshow_inner_caption\"><div class = \"slideshow_align_caption\"><h2  class='avia-caption-title'  itemprop=\"name\" >Everything necessary for plasma cutting<\/h2><div class='avia-caption-content '  itemprop=\"description\"  ><p>High-quality heads of plasma cutting, nozzles, electrodes, spin rings.<\/p>\n<\/div><a href='https:\/\/hpptrading.com\/tooted\/plasmatarviku-tooted\/'  class='avia-slideshow-button avia-button avia-color-theme-color ' data-duration='800' data-easing='easeInOutQuad'>Read more<\/a><\/div><\/div><\/div><\/div><\/div><img src='https:\/\/hpptrading.com\/wp-content\/uploads\/2015\/10\/esimene-1-1500x430.png' width='1500' height='430' title='esimene' alt=''  itemprop=\"contentURL\"  \/><div class='av-section-color-overlay' style='opacity: 0.2; background-color: #000000; '><\/div><\/div><\/li><li  class=' slide-2 ' ><div data-rel='slideshow-1' class='avia-slide-wrap'  ><div class = \"caption_fullwidth av-slideshow-caption caption_left\"><div class = \"container caption_container\"><div class = \"slideshow_caption\"><div class = \"slideshow_inner_caption\"><div class = \"slideshow_align_caption\"><h2  class='avia-caption-title'  itemprop=\"name\" >Manufacture of CNC benches<\/h2><div class='avia-caption-content '  itemprop=\"description\"  ><p>We are one of the few manufacturers of CNC benches in Estonia. We produce CNC benches for plasma cutting, laser cutting and milling, just according to the client\u2019s requirements.<\/p>\n<\/div><a href='https:\/\/hpptrading.com\/tooted\/cnc-pinkide-tootmine\/'  class='avia-slideshow-button avia-button avia-color-theme-color ' data-duration='800' data-easing='easeInOutQuad'>Read more<\/a><\/div><\/div><\/div><\/div><\/div><img src='https:\/\/hpptrading.com\/wp-content\/uploads\/2015\/10\/slaider-cnc-1500x430.jpg' width='1500' height='430' title='slaider-cnc' alt=''  itemprop=\"contentURL\"  \/><\/div><\/li><li  class=' slide-3 ' ><div data-rel='slideshow-1' class='avia-slide-wrap'  ><div class = \"caption_fullwidth av-slideshow-caption caption_right\"><div class = \"container caption_container\"><div class = \"slideshow_caption\"><div class = \"slideshow_inner_caption\"><div class = \"slideshow_align_caption\"><h2  class='avia-caption-title'  itemprop=\"name\" >MIG\/MAG, AC\/DC TIG and electrode welding.<\/h2><div class='avia-caption-content '  itemprop=\"description\"  ><p>We sell welding equipment for industrial as well as domestic use.<\/p>\n<\/div><a href='https:\/\/hpptrading.com\/tooted\/keevitusseadmete-muuk\/'  class='avia-slideshow-button avia-button avia-color-theme-color ' data-duration='800' data-easing='easeInOutQuad'>Read more<\/a><\/div><\/div><\/div><\/div><\/div><img src='https:\/\/hpptrading.com\/wp-content\/uploads\/2015\/10\/slaider-keevitusseadmed-1500x430.jpg' width='1500' height='430' title='slaider-keevitusseadmed' alt=''  itemprop=\"contentURL\"  \/><\/div><\/li><li  class=' slide-4 ' ><div data-rel='slideshow-1' class='avia-slide-wrap'  ><div class = \"caption_fullwidth av-slideshow-caption caption_left\"><div class = \"container caption_container\"><div class = \"slideshow_caption\"><div class = \"slideshow_inner_caption\"><div class = \"slideshow_align_caption\"><h2  class='avia-caption-title'  itemprop=\"name\" >Metal works with reasonable price and short deadline<\/h2><div class='avia-caption-content '  itemprop=\"description\"  ><p>Metal cutting, Welding works (MIG\/MAG; AC\/DC TIG; electrode welding), Metal bending, Painting and hot-zincing of metal details<\/p>\n<\/div><a href='https:\/\/hpptrading.com\/teenused\/metallitood\/'  class='avia-slideshow-button avia-button avia-color-theme-color ' data-duration='800' data-easing='easeInOutQuad'>Read more<\/a><\/div><\/div><\/div><\/div><\/div><img src='https:\/\/hpptrading.com\/wp-content\/uploads\/2015\/10\/slaider-metallitood-1500x430.jpg' width='1500' height='430' title='slaider-metallitood' alt=''  itemprop=\"contentURL\"  \/><\/div><\/li><li  class=' slide-5 ' ><div data-rel='slideshow-1' class='avia-slide-wrap'  ><div class = \"caption_fullwidth av-slideshow-caption caption_right\"><div class = \"container caption_container\"><div class = \"slideshow_caption\"><div class = \"slideshow_inner_caption\"><div class = \"slideshow_align_caption\"><h2  class='avia-caption-title'  itemprop=\"name\" >Plasma cutting<\/h2><div class='avia-caption-content '  itemprop=\"description\"  ><p>We cut black metal, stainless metal as well as aluminium.\u00a0If required, we design the details.<\/p>\n<\/div><a href='https:\/\/hpptrading.com\/teenused\/plasmaloikus\/'  class='avia-slideshow-button avia-button avia-color-theme-color ' data-duration='800' data-easing='easeInOutQuad'>Read more<\/a><\/div><\/div><\/div><\/div><\/div><img src='https:\/\/hpptrading.com\/wp-content\/uploads\/2015\/10\/slaider-plasmaloikus-1500x430.jpg' width='1500' height='430' title='slaider-plasmaloikus' alt=''  itemprop=\"contentURL\"  \/><\/div><\/li><\/ul><div class='avia-slideshow-arrows avia-slideshow-controls'><a href='#prev' class='prev-slide' aria-hidden='true' data-av_icon='\ue87c' data-av_iconfont='entypo-fontello'>Previous<\/a><a href='#next' class='next-slide' aria-hidden='true' data-av_icon='\ue87d' data-av_iconfont='entypo-fontello'>Next<\/a><\/div><div class='avia-slideshow-dots avia-slideshow-controls'><a href='#1' class='goto-slide active' >1<\/a><a href='#2' class='goto-slide ' >2<\/a><a href='#3' class='goto-slide ' >3<\/a><a href='#4' class='goto-slide ' >4<\/a><a href='#5' class='goto-slide ' >5<\/a><\/div><\/div><\/div>\n<\/div><\/div><\/div><!-- close content main div --><\/div><\/div><div id='calltoaction-front' class='avia-section main_color avia-section-default avia-no-border-styling avia-full-stretch av-parallax-section avia-bg-style-parallax   container_wrap sidebar_right' style = 'background-color: #efbb20; ' data-section-bg-repeat='stretch' ><div class='av-parallax' data-avia-parallax-ratio='0.3' ><div class='av-parallax-inner main_color  avia-full-stretch' style = 'background-color: #efbb20; background-repeat: no-repeat; background-image: url(https:\/\/hpptrading.com\/wp-content\/uploads\/2015\/10\/house-wire-model-fade-white-1-1030x745.png); background-attachment: scroll; background-position: center center; ' ><\/div><\/div><div class='container' ><div class='template-page content  av-content-small alpha units'><div class='post-entry post-entry-type-page post-entry-704'><div class='entry-content-wrapper clearfix'>\n<div class='flex_column_table av-equal-height-column-flextable' ><div class=\"flex_column av_three_fourth  av-animated-generic left-to-right  flex_column_table_cell av-equal-height-column av-align-middle av-zero-column-padding first  \" style='border-radius:0px; '><div style='padding-bottom:0px;color:#ffffff;font-size:28px;' class='av-special-heading av-special-heading-h3 custom-color-heading blockquote modern-quote   av-inherit-size'><h3 class='av-special-heading-tag'  itemprop=\"headline\"  >We sell plasma and welding equipment, manufacture CNC benches and deal with metalworks. High-quality equipment and work, good prices!<\/h3><div class='special-heading-border'><div class='special-heading-inner-border' style='border-color:#ffffff'><\/div><\/div><\/div><\/div><div class='av-flex-placeholder'><\/div><div class=\"flex_column av_one_fourth  av-animated-generic right-to-left  flex_column_table_cell av-equal-height-column av-align-middle av-zero-column-padding   \" style='border-radius:0px; '><div class='avia-button-wrap avia-button-right  '><a href='http:\/\/hpptrading.com\/en\/products\/plasma-accessories\/' class='avia-button  avia-icon_select-no avia-color-custom avia-size-large avia-position-right '  style='background-color:#464646; border-color:#464646; color:#ffffff; ' ><span class='avia_iconbox_title' >See our products<\/span><\/a><\/div><\/div><\/div><!--close column table wrapper. Autoclose:  -->\n<\/div><\/div><\/div><!-- close content main div --><\/div><\/div><div id='after_section_1' class='main_color av_default_container_wrap container_wrap sidebar_right'   ><div class='container' ><div class='template-page content  av-content-small alpha units'><div class='post-entry post-entry-type-page post-entry-704'><div class='entry-content-wrapper clearfix'>\n<\/div><\/div><\/div><!-- close content main div --><\/div><\/div><div id='front-about-us' class='avia-section main_color avia-section-no-padding avia-no-shadow avia-bg-style-scroll  container_wrap sidebar_right' style = 'background-color: #f4f4f4; background-color: #f4f4f4; '  ><div class='container' ><div class='template-page content  av-content-small alpha units'><div class='post-entry post-entry-type-page post-entry-704'><div class='entry-content-wrapper clearfix'>\n<div class='flex_column_table av-equal-height-column-flextable' ><div class=\"flex_column av_three_fifth  no_margin flex_column_table_cell av-equal-height-column av-align-top first  \" style='padding:20px 50px 50px 50px ; border-radius:0px; '><p><div style='padding-bottom:0px;' class='av-special-heading av-special-heading-h2  blockquote modern-quote  '><h2 class='av-special-heading-tag'  itemprop=\"headline\"  >About the company<\/h2><div class='special-heading-border'><div class='special-heading-inner-border' ><\/div><\/div><\/div><br \/>\n<div style=' margin-top:0px; margin-bottom:20px;'  class='hr hr-custom hr-left hr-icon-no '><span class='hr-inner   inner-border-av-border-fat' style=' width:50px; border-color:#edae44;' ><span class='hr-inner-style'><\/span><\/span><\/div><br \/>\n<section class=\"av_textblock_section\"  itemscope=\"itemscope\" itemtype=\"https:\/\/schema.org\/CreativeWork\" ><div class='avia_textblock '   itemprop=\"text\" ><p>We deal with metalworks, plasma cutting and also sale of plasma and welding equipment. Based on our experience we, as experts, also have the knowledge of the equipment we sell. We can value the lifetime and profitability of the work equipment. This information has high value regarding just the equipment and accessories of more favourable price class. All products found in our product choice have CE-marking complying with the requirements of the European Union. We are involved in retail and wholesale, the products can be seen on the same website.<\/p>\n<p>We, as one of the few in Estonia, also manufacture CNC benches. These are project-based solutions which comply in detail with the measurements and functionality provided by the client.<\/p>\n<p>HPP Metall O\u00dc was founded in 2009. We are situated in a logistically convenient place, near Tallinn-P\u00e4rnu road (VIA Baltica), in M\u00e4rjamaa, which guarantees good connection as regards mainland as well as maritime transport.<\/p>\n<\/div><\/section><\/p><\/div><div class=\"flex_column av_two_fifth  avia-full-stretch no_margin flex_column_table_cell av-equal-height-column av-align-top av-zero-column-padding   \" style='background-image:url(https:\/\/hpptrading.com\/wp-content\/uploads\/2015\/10\/esilehele.jpg); background-position:top left; background-repeat:no-repeat; border-radius:0px; '><\/div><\/div><!--close column table wrapper. Autoclose:  --><\/div><\/div><\/div><!-- close content main div --><\/div><\/div><div id='after_section_2' class='main_color av_default_container_wrap container_wrap sidebar_right'   ><div class='container' ><div class='template-page content  av-content-small alpha units'><div class='post-entry post-entry-type-page post-entry-704'><div class='entry-content-wrapper clearfix'><\/div><\/div><\/div><!-- close content main div --><\/div><\/div><div id='products-section' class='avia-section main_color avia-section-large avia-no-border-styling avia-bg-style-scroll  container_wrap sidebar_right'   ><div class='container' ><div class='template-page content  av-content-small alpha units'><div class='post-entry post-entry-type-page post-entry-704'><div class='entry-content-wrapper clearfix'>\n<div style='padding-bottom:0px;' class='av-special-heading av-special-heading-h2  blockquote modern-quote  '><h2 class='av-special-heading-tag'  itemprop=\"headline\"  >Products and services offered by us<\/h2><div class='special-heading-border'><div class='special-heading-inner-border' ><\/div><\/div><\/div>\n<div style=' margin-top:5px; margin-bottom:35px;'  class='hr hr-custom hr-left hr-icon-no '><span class='hr-inner   inner-border-av-border-fat' style=' width:50px; border-color:#efbb20;' ><span class='hr-inner-style'><\/span><\/span><\/div>\n<div class=\"flex_column av_one_third  av-animated-generic bottom-to-top  flex_column_div av-zero-column-padding first  \" style='border-radius:0px; '><p><div class='avia-image-container  av-styling-no-styling    avia-align-center '  itemscope=\"itemscope\" itemtype=\"https:\/\/schema.org\/ImageObject\"  ><div class='avia-image-container-inner'><a href='http:\/\/hpptrading.com\/en\/services\/plasma-cutting\/' class='avia_image'  ><img class='avia_image ' src='https:\/\/hpptrading.com\/wp-content\/uploads\/2015\/10\/plasma-2.jpg' alt='' title='plasma-2'  itemprop=\"contentURL\"  \/><\/a><\/div><\/div><br \/>\n<div style='padding-bottom:0px;' class='av-special-heading av-special-heading-h3  blockquote modern-quote  '><h3 class='av-special-heading-tag'  itemprop=\"headline\"  >Plasma accessories<\/h3><div class='special-heading-border'><div class='special-heading-inner-border' ><\/div><\/div><\/div><br \/>\n<section class=\"av_textblock_section\"  itemscope=\"itemscope\" itemtype=\"https:\/\/schema.org\/CreativeWork\" ><div class='avia_textblock '   itemprop=\"text\" ><p>Our product choice includes everything required for plasma cutting \u2013 plasma cutting heads, nozzles, electrodes, spin rings.<\/p>\n<\/div><\/section><\/p><\/div><div class=\"flex_column av_one_third  av-animated-generic bottom-to-top  flex_column_div av-zero-column-padding   \" style='border-radius:0px; '><p><div class='avia-image-container  av-styling-no-styling    avia-align-center '  itemscope=\"itemscope\" itemtype=\"https:\/\/schema.org\/ImageObject\"  ><div class='avia-image-container-inner'><a href='http:\/\/hpptrading.com\/en\/products\/production-of-cnc-benches\/' class='avia_image'  ><img class='avia_image ' src='https:\/\/hpptrading.com\/wp-content\/uploads\/2015\/10\/cnc.jpg' alt='' title='cnc'  itemprop=\"contentURL\"  \/><\/a><\/div><\/div><br \/>\n<div style='padding-bottom:0px;' class='av-special-heading av-special-heading-h3  blockquote modern-quote  '><h3 class='av-special-heading-tag'  itemprop=\"headline\"  >CNC benches<\/h3><div class='special-heading-border'><div class='special-heading-inner-border' ><\/div><\/div><\/div><br \/>\n<section class=\"av_textblock_section\"  itemscope=\"itemscope\" itemtype=\"https:\/\/schema.org\/CreativeWork\" ><div class='avia_textblock '   itemprop=\"text\" ><p>We are one of the few manufacturers of CNC benches in Estonia. Our aim is to provide tailor-made solutions, we manufacture CNC benches for plasma cutting, laser cutting and milling, just exactly according to the client\u2019s requirements.<\/p>\n<\/div><\/section><\/p><\/div><div class=\"flex_column av_one_third  av-animated-generic bottom-to-top  flex_column_div av-zero-column-padding   \" style='border-radius:0px; '><p><div class='avia-image-container  av-styling-no-styling    avia-align-center '  itemscope=\"itemscope\" itemtype=\"https:\/\/schema.org\/ImageObject\"  ><div class='avia-image-container-inner'><a href='http:\/\/hpptrading.com\/en\/products\/welding-equipment\/' class='avia_image'  ><img class='avia_image ' src='https:\/\/hpptrading.com\/wp-content\/uploads\/2015\/10\/keevitusmasinad-2.jpg' alt='' title='keevitusmasinad-2'  itemprop=\"contentURL\"  \/><\/a><\/div><\/div><br \/>\n<div style='padding-bottom:0px;' class='av-special-heading av-special-heading-h3  blockquote modern-quote  '><h3 class='av-special-heading-tag'  itemprop=\"headline\"  >Welding equipment<\/h3><div class='special-heading-border'><div class='special-heading-inner-border' ><\/div><\/div><\/div><br \/>\n<section class=\"av_textblock_section\"  itemscope=\"itemscope\" itemtype=\"https:\/\/schema.org\/CreativeWork\" ><div class='avia_textblock '   itemprop=\"text\" ><p>We sell welding equipment for industrial as well as domestic use (MIG\/MAG; AC\/DC TIG; electrode welding). We offer good price and reliable equipment.<\/p>\n<\/div><\/section><\/p><\/div><div class=\"flex_column av_one_third  av-animated-generic bottom-to-top  flex_column_div av-zero-column-padding first  \" style='border-radius:0px; '><p><div class='avia-image-container  av-styling-no-styling    avia-align-center '  itemscope=\"itemscope\" itemtype=\"https:\/\/schema.org\/ImageObject\"  ><div class='avia-image-container-inner'><a href='http:\/\/hpptrading.com\/en\/services\/metalworks\/' class='avia_image'  ><img class='avia_image ' src='https:\/\/hpptrading.com\/wp-content\/uploads\/2015\/10\/metallitood.jpg' alt='' title='metallitood'  itemprop=\"contentURL\"  \/><\/a><\/div><\/div><br \/>\n<div style='padding-bottom:0px;' class='av-special-heading av-special-heading-h3  blockquote modern-quote  '><h3 class='av-special-heading-tag'  itemprop=\"headline\"  >Metalworks<\/h3><div class='special-heading-border'><div class='special-heading-inner-border' ><\/div><\/div><\/div><br \/>\n<section class=\"av_textblock_section\"  itemscope=\"itemscope\" itemtype=\"https:\/\/schema.org\/CreativeWork\" ><div class='avia_textblock '   itemprop=\"text\" ><p>Metal works with reasonable price and short deadline, we are a reliable partner in the sector of construction, engineering as well as industry and we perform all most common metalworks.<\/p>\n<\/div><\/section><\/p><\/div><div class=\"flex_column av_one_third  av-animated-generic bottom-to-top  flex_column_div av-zero-column-padding   \" style='border-radius:0px; '><p><div class='avia-image-container  av-styling-no-styling    avia-align-center '  itemscope=\"itemscope\" itemtype=\"https:\/\/schema.org\/ImageObject\"  ><div class='avia-image-container-inner'><a href='http:\/\/hpptrading.com\/en\/services\/plasma-cutting\/' class='avia_image'  ><img class='avia_image ' src='https:\/\/hpptrading.com\/wp-content\/uploads\/2015\/10\/poletid-1.jpg' alt='' title='poletid-1'  itemprop=\"contentURL\"  \/><\/a><\/div><\/div><br \/>\n<div style='padding-bottom:0px;' class='av-special-heading av-special-heading-h3  blockquote modern-quote  '><h3 class='av-special-heading-tag'  itemprop=\"headline\"  >Plasma cutting<\/h3><div class='special-heading-border'><div class='special-heading-inner-border' ><\/div><\/div><\/div><br \/>\n<section class=\"av_textblock_section\"  itemscope=\"itemscope\" itemtype=\"https:\/\/schema.org\/CreativeWork\" ><div class='avia_textblock '   itemprop=\"text\" ><p>Plasma cutting is a very effective and high-quality method for metal cutting. We can cut fast and accurate with the help of the advanced technology and also to ensure the nice clean cutting line.<\/p>\n<\/div><\/section><\/p><\/div><div style='height:50px' class='hr hr-invisible '><span class='hr-inner ' ><span class='hr-inner-style'><\/span><\/span><\/div>\n<\/div><\/div><\/div><!-- close content main div --><\/div><\/div><div id='after_section_3' class='main_color av_default_container_wrap container_wrap sidebar_right'   ><div class='container' ><div class='template-page content  av-content-small alpha units'><div class='post-entry post-entry-type-page post-entry-704'><div class='entry-content-wrapper clearfix'><\/p>\n","protected":false},"excerpt":{"rendered":"","protected":false},"author":2,"featured_media":0,"parent":0,"menu_order":0,"comment_status":"closed","ping_status":"closed","template":"","meta":{"footnotes":"","_links_to":"","_links_to_target":""},"class_list":["post-704","page","type-page","status-publish","hentry"],"yoast_head":"<!-- This site is optimized with the Yoast SEO plugin v24.0 - https:\/\/yoast.com\/wordpress\/plugins\/seo\/ -->\n<title>Sale of welding equipment, CNC benches, metalworks | HPP Trading<\/title>\n<meta name=\"description\" content=\"We sell plasma and welding equipment, manufacture CNC benches and deal with metalworks. High-quality equipment and work, good prices!\" \/>\n<meta name=\"robots\" content=\"index, follow, max-snippet:-1, max-image-preview:large, max-video-preview:-1\" \/>\n<link rel=\"canonical\" href=\"https:\/\/hpptrading.com\/en\/opening-page\/\" \/>\n<meta property=\"og:locale\" content=\"en_US\" \/>\n<meta property=\"og:type\" content=\"article\" \/>\n<meta property=\"og:title\" content=\"Sale of welding equipment, CNC benches, metalworks | HPP Trading\" \/>\n<meta property=\"og:description\" content=\"We sell plasma and welding equipment, manufacture CNC benches and deal with metalworks. High-quality equipment and work, good prices!\" \/>\n<meta property=\"og:url\" content=\"https:\/\/hpptrading.com\/en\/opening-page\/\" \/>\n<meta property=\"og:site_name\" content=\"HPP Trading\" \/>\n<meta property=\"article:modified_time\" content=\"2020-11-06T08:11:36+00:00\" \/>\n<meta name=\"twitter:card\" content=\"summary_large_image\" \/>\n<meta name=\"twitter:label1\" content=\"Est. reading time\" \/>\n\t<meta name=\"twitter:data1\" content=\"13 minutes\" \/>\n<script type=\"application\/ld+json\" class=\"yoast-schema-graph\">{\"@context\":\"https:\/\/schema.org\",\"@graph\":[{\"@type\":\"WebPage\",\"@id\":\"https:\/\/hpptrading.com\/en\/opening-page\/\",\"url\":\"https:\/\/hpptrading.com\/en\/opening-page\/\",\"name\":\"Sale of welding equipment, CNC benches, metalworks | HPP Trading\",\"isPartOf\":{\"@id\":\"https:\/\/hpptrading.com\/#website\"},\"datePublished\":\"2018-02-01T06:59:28+00:00\",\"dateModified\":\"2020-11-06T08:11:36+00:00\",\"description\":\"We sell plasma and welding equipment, manufacture CNC benches and deal with metalworks. High-quality equipment and work, good prices!\",\"breadcrumb\":{\"@id\":\"https:\/\/hpptrading.com\/en\/opening-page\/#breadcrumb\"},\"inLanguage\":\"en-US\",\"potentialAction\":[{\"@type\":\"ReadAction\",\"target\":[\"https:\/\/hpptrading.com\/en\/opening-page\/\"]}]},{\"@type\":\"BreadcrumbList\",\"@id\":\"https:\/\/hpptrading.com\/en\/opening-page\/#breadcrumb\",\"itemListElement\":[{\"@type\":\"ListItem\",\"position\":1,\"name\":\"Home\",\"item\":\"https:\/\/hpptrading.com\/\"},{\"@type\":\"ListItem\",\"position\":2,\"name\":\"Opening page\"}]},{\"@type\":\"WebSite\",\"@id\":\"https:\/\/hpptrading.com\/#website\",\"url\":\"https:\/\/hpptrading.com\/\",\"name\":\"HPP Trading\",\"description\":\"Metallit\u00f6\u00f6tlemismasinate ja nende tarvikute jae- ja hulgim\u00fc\u00fck\",\"potentialAction\":[{\"@type\":\"SearchAction\",\"target\":{\"@type\":\"EntryPoint\",\"urlTemplate\":\"https:\/\/hpptrading.com\/?s={search_term_string}\"},\"query-input\":{\"@type\":\"PropertyValueSpecification\",\"valueRequired\":true,\"valueName\":\"search_term_string\"}}],\"inLanguage\":\"en-US\"}]}<\/script>\n<!-- \/ Yoast SEO plugin. -->","yoast_head_json":{"title":"Sale of welding equipment, CNC benches, metalworks | HPP Trading","description":"We sell plasma and welding equipment, manufacture CNC benches and deal with metalworks. High-quality equipment and work, good prices!","robots":{"index":"index","follow":"follow","max-snippet":"max-snippet:-1","max-image-preview":"max-image-preview:large","max-video-preview":"max-video-preview:-1"},"canonical":"https:\/\/hpptrading.com\/en\/opening-page\/","og_locale":"en_US","og_type":"article","og_title":"Sale of welding equipment, CNC benches, metalworks | HPP Trading","og_description":"We sell plasma and welding equipment, manufacture CNC benches and deal with metalworks. High-quality equipment and work, good prices!","og_url":"https:\/\/hpptrading.com\/en\/opening-page\/","og_site_name":"HPP Trading","article_modified_time":"2020-11-06T08:11:36+00:00","twitter_card":"summary_large_image","twitter_misc":{"Est. reading time":"13 minutes"},"schema":{"@context":"https:\/\/schema.org","@graph":[{"@type":"WebPage","@id":"https:\/\/hpptrading.com\/en\/opening-page\/","url":"https:\/\/hpptrading.com\/en\/opening-page\/","name":"Sale of welding equipment, CNC benches, metalworks | HPP Trading","isPartOf":{"@id":"https:\/\/hpptrading.com\/#website"},"datePublished":"2018-02-01T06:59:28+00:00","dateModified":"2020-11-06T08:11:36+00:00","description":"We sell plasma and welding equipment, manufacture CNC benches and deal with metalworks. High-quality equipment and work, good prices!","breadcrumb":{"@id":"https:\/\/hpptrading.com\/en\/opening-page\/#breadcrumb"},"inLanguage":"en-US","potentialAction":[{"@type":"ReadAction","target":["https:\/\/hpptrading.com\/en\/opening-page\/"]}]},{"@type":"BreadcrumbList","@id":"https:\/\/hpptrading.com\/en\/opening-page\/#breadcrumb","itemListElement":[{"@type":"ListItem","position":1,"name":"Home","item":"https:\/\/hpptrading.com\/"},{"@type":"ListItem","position":2,"name":"Opening page"}]},{"@type":"WebSite","@id":"https:\/\/hpptrading.com\/#website","url":"https:\/\/hpptrading.com\/","name":"HPP Trading","description":"Metallit\u00f6\u00f6tlemismasinate ja nende tarvikute jae- ja hulgim\u00fc\u00fck","potentialAction":[{"@type":"SearchAction","target":{"@type":"EntryPoint","urlTemplate":"https:\/\/hpptrading.com\/?s={search_term_string}"},"query-input":{"@type":"PropertyValueSpecification","valueRequired":true,"valueName":"search_term_string"}}],"inLanguage":"en-US"}]}},"_links":{"self":[{"href":"https:\/\/hpptrading.com\/en\/wp-json\/wp\/v2\/pages\/704\/"}],"collection":[{"href":"https:\/\/hpptrading.com\/en\/wp-json\/wp\/v2\/pages\/"}],"about":[{"href":"https:\/\/hpptrading.com\/en\/wp-json\/wp\/v2\/types\/page\/"}],"author":[{"embeddable":true,"href":"https:\/\/hpptrading.com\/en\/wp-json\/wp\/v2\/users\/2\/"}],"replies":[{"embeddable":true,"href":"https:\/\/hpptrading.com\/en\/wp-json\/wp\/v2\/comments\/?post=704"}],"version-history":[{"count":35,"href":"https:\/\/hpptrading.com\/en\/wp-json\/wp\/v2\/pages\/704\/revisions\/"}],"predecessor-version":[{"id":927,"href":"https:\/\/hpptrading.com\/en\/wp-json\/wp\/v2\/pages\/704\/revisions\/927\/"}],"wp:attachment":[{"href":"https:\/\/hpptrading.com\/en\/wp-json\/wp\/v2\/media\/?parent=704"}],"curies":[{"name":"wp","href":"https:\/\/api.w.org\/{rel}","templated":true}]}}